{"id":578,"date":"2012-04-23T18:25:40","date_gmt":"2012-04-23T17:25:40","guid":{"rendered":"http:\/\/flieg.fr\/?page_id=578"},"modified":"2023-03-21T10:52:13","modified_gmt":"2023-03-21T09:52:13","slug":"jour-28-etape-26-de-marsolan-a-condom-23-km-mardi-24-avril","status":"publish","type":"page","link":"https:\/\/www.flieg.fr\/?page_id=578","title":{"rendered":"jour 28 \u00e9tape 26 : de Marsolan \u00e0 Condom : 23 km : Mardi 24 avril"},"content":{"rendered":"<p>Mardi 24 avril 2012<\/p>\n<p>Ce matin, au lever du jour le ciel est bas et uniform\u00e9ment gris. Pendant le petit d\u00e9jeuner, il se met a pleuvoir. Nous doublons l&rsquo;int\u00e9rieur des sacs a dos avec des \u00ab\u00a0sacs poubelles jaunes\u00a0\u00bb. On habille les sacs avec leurs sursacs \u00e9tanches et on endosse les capes de pluie par dessus le tout. Par\u00e9s pour la pluie, nous quittons le confort douillet de notre chambre d&rsquo;h\u00f4tes. Le d\u00e9but du chemin est en herbe fauch\u00e9e.&nbsp;\u00c7a&nbsp;va. Puis les touffes d&rsquo;herbe deviennent plus&nbsp;espac\u00e9es&nbsp;laissant appara\u00eetre la terre glaise&nbsp;d\u00e9tremp\u00e9e. On a beau sauter de touffe en touffe, la glaise colle aux semelles et remonte en bourrelets jusqu&rsquo;aux chevilles. Le vent se&nbsp;l\u00e8ve, la pluie redouble. On se&nbsp;r\u00e9fugie&nbsp;sous un appentis d&rsquo;une ferme. Le paysan nous voit et nous dit : \u00ab\u00a0eh bien, vous allez vous faire jolis&#8230;\u00a0\u00bb Quand la pluie faiblit, nous constatons que le chemin est devenu impraticable. C&rsquo;est un lit de boue.<\/p>\n<div id=\"attachment_607\" style=\"width: 310px\" class=\"wp-caption alignnone\"><a href=\"http:\/\/flieg.fr\/wordpress\/wp-content\/uploads\/2012\/04\/P4230113.jpg\"><img loading=\"lazy\" decoding=\"async\" aria-describedby=\"caption-attachment-607\" class=\"size-medium wp-image-607\" title=\"OLYMPUS DIGITAL CAMERA\" src=\"http:\/\/flieg.fr\/wordpress\/wp-content\/uploads\/2012\/04\/P4230113-300x225.jpg\" alt=\"\" width=\"300\" height=\"225\" srcset=\"https:\/\/www.flieg.fr\/wordpress\/wp-content\/uploads\/2012\/04\/P4230113-300x225.jpg 300w, https:\/\/www.flieg.fr\/wordpress\/wp-content\/uploads\/2012\/04\/P4230113-1024x768.jpg 1024w, https:\/\/www.flieg.fr\/wordpress\/wp-content\/uploads\/2012\/04\/P4230113-624x468.jpg 624w, https:\/\/www.flieg.fr\/wordpress\/wp-content\/uploads\/2012\/04\/P4230113.jpg 2048w\" sizes=\"auto, (max-width: 300px) 100vw, 300px\" \/><\/a><p id=\"caption-attachment-607\" class=\"wp-caption-text\">gnotch, gnotch...<\/p><\/div>\n<p>Nous&nbsp;d\u00e9cidons&nbsp;de quitter le chemin et de rejoindre directement Condom par la route. C&rsquo;est une&nbsp;d\u00e9partementale. Plusieurs&nbsp;p\u00e8lerins&nbsp;ont adopte la m\u00eame strategie.<\/p>\n<div id=\"attachment_608\" style=\"width: 310px\" class=\"wp-caption alignnone\"><a href=\"http:\/\/flieg.fr\/wordpress\/wp-content\/uploads\/2012\/04\/P4240123.jpg\"><img loading=\"lazy\" decoding=\"async\" aria-describedby=\"caption-attachment-608\" class=\"size-medium wp-image-608\" title=\"OLYMPUS DIGITAL CAMERA\" src=\"http:\/\/flieg.fr\/wordpress\/wp-content\/uploads\/2012\/04\/P4240123-300x225.jpg\" alt=\"\" width=\"300\" height=\"225\" srcset=\"https:\/\/www.flieg.fr\/wordpress\/wp-content\/uploads\/2012\/04\/P4240123-300x225.jpg 300w, https:\/\/www.flieg.fr\/wordpress\/wp-content\/uploads\/2012\/04\/P4240123-1024x768.jpg 1024w, https:\/\/www.flieg.fr\/wordpress\/wp-content\/uploads\/2012\/04\/P4240123-624x468.jpg 624w, https:\/\/www.flieg.fr\/wordpress\/wp-content\/uploads\/2012\/04\/P4240123.jpg 2048w\" sizes=\"auto, (max-width: 300px) 100vw, 300px\" \/><\/a><p id=\"caption-attachment-608\" class=\"wp-caption-text\">de loin en loin, un p\u00e8lerin<\/p><\/div>\n<p>Le trafic est faible, mais il arrive que des voitures se croisent a notre hauteur. Avec les capes et le bruit du vent, on n&rsquo;entend pas s&rsquo;il vient des voitures&nbsp;derri\u00e8re&nbsp;nous. Aussi, chaque fois qu&rsquo;une voiture ou un camion arrive en face de nous je crie \u00ab\u00a0rang\u00e9s\u00a0\u00bb et nous nous rangeons sagement sur le bas-cot\u00e9. Beaucoup de conducteurs nous font un salut de la main. Une fois nous arrivons a nous&nbsp;r\u00e9fugier&nbsp;sous un hangar juste avant&nbsp;l\u2019arriv\u00e9e&nbsp;d&rsquo;une bande de gros nuages noirs. Bien nous en a pris. Une violente bourrasque, un vent furieux et une pluie diluvienne s&rsquo;abattent sur la campagne. Quand la&nbsp;pluie&nbsp;faiblit nous repartons. Nous ne pouvons&nbsp;\u00e9viter&nbsp;la&nbsp;deuxi\u00e8me&nbsp;s\u00e9rie&nbsp;de nuages noirs. Avec la pluie et le vent de face, on est vite tremp\u00e9s jusqu&rsquo;au slip. On marche plus vite, pour arriver au bout des nuages. Dix minutes plus tard, c&rsquo;est fini, mais on est tremp\u00e9s. Enfin, on arrive a Caussens puis a Condom a 14h. Par la route on aura \u00e9conomis\u00e9 9km et 9kg de boue sous les chaussures.<\/p>\n<div id=\"attachment_609\" style=\"width: 310px\" class=\"wp-caption alignnone\"><a href=\"http:\/\/flieg.fr\/wordpress\/wp-content\/uploads\/2012\/04\/P4240124.jpg\"><img loading=\"lazy\" decoding=\"async\" aria-describedby=\"caption-attachment-609\" class=\"size-medium wp-image-609\" title=\"OLYMPUS DIGITAL CAMERA\" src=\"http:\/\/flieg.fr\/wordpress\/wp-content\/uploads\/2012\/04\/P4240124-300x225.jpg\" alt=\"\" width=\"300\" height=\"225\" srcset=\"https:\/\/www.flieg.fr\/wordpress\/wp-content\/uploads\/2012\/04\/P4240124-300x225.jpg 300w, https:\/\/www.flieg.fr\/wordpress\/wp-content\/uploads\/2012\/04\/P4240124-1024x768.jpg 1024w, https:\/\/www.flieg.fr\/wordpress\/wp-content\/uploads\/2012\/04\/P4240124-624x468.jpg 624w, https:\/\/www.flieg.fr\/wordpress\/wp-content\/uploads\/2012\/04\/P4240124.jpg 2048w\" sizes=\"auto, (max-width: 300px) 100vw, 300px\" \/><\/a><p id=\"caption-attachment-609\" class=\"wp-caption-text\">tout est d\u00e9tremp\u00e9<\/p><\/div>\n<p>Le&nbsp;propri\u00e9taire&nbsp;du gite du Haou (l&rsquo;\u00e9trier du Condomois\u00a0\u00bb nous re\u00e7oit tr\u00e8s gentiment et nous dit qu&rsquo;il nous a&nbsp;r\u00e9serv\u00e9&nbsp;une chambre individuelle. Il s&rsquo;agit d&rsquo;une chambre am\u00e9nag\u00e9e dans le pigeonnier du domaine \u00e9questre.<\/p>\n<div>\n<dl id=\"attachment_592\">\n<dt><a href=\"http:\/\/flieg.fr\/wordpress\/wp-content\/uploads\/2012\/04\/P4250131.jpg\"><img loading=\"lazy\" decoding=\"async\" title=\"OLYMPUS DIGITAL CAMERA\" src=\"http:\/\/flieg.fr\/wordpress\/wp-content\/uploads\/2012\/04\/P4250131-300x225.jpg\" alt=\"\" width=\"300\" height=\"225\"><\/a><\/dt>\n<dd>l&rsquo;\u00e9trier condomois<\/dd>\n<\/dl>\n<\/div>\n<p>Du confort 4 \u00e9toiles on passe au z\u00e9ro \u00e9toile. C&rsquo;est moins cher aussi. Le gros radiateur a bain d&rsquo;huile n&rsquo;arrive pas a chasser l&rsquo;humidit\u00e9 ambiante. Nous le poussons au max et nous organisons le s\u00e9chage de nos chaussures une fois d\u00e9crott\u00e9es. Les batons de marche servent de grille de s\u00e9chage.<\/p>\n<div>\n<dl id=\"attachment_593\">\n<dt><a href=\"http:\/\/flieg.fr\/wordpress\/wp-content\/uploads\/2012\/04\/P4240129.jpg\"><img loading=\"lazy\" decoding=\"async\" title=\"OLYMPUS DIGITAL CAMERA\" src=\"http:\/\/flieg.fr\/wordpress\/wp-content\/uploads\/2012\/04\/P4240129-300x225.jpg\" alt=\"\" width=\"300\" height=\"225\"><\/a><\/dt>\n<dd>s\u00e9chage des chaussures<\/dd>\n<\/dl>\n<\/div>\n<p>Le soir nous dinons avec un groupe de 25 marcheurs de Rodez qui font chaque ann\u00e9e un tron\u00e7on d&rsquo;une dur\u00e9e d&rsquo;une semaine.<\/p>\n","protected":false},"excerpt":{"rendered":"<p>Mardi 24 avril 2012 Ce matin, au lever du jour le ciel est bas et uniform\u00e9ment gris. Pendant le petit d\u00e9jeuner, il se met a pleuvoir. Nous doublons l&rsquo;int\u00e9rieur des sacs a dos avec des \u00ab\u00a0sacs poubelles jaunes\u00a0\u00bb. On habille les sacs avec leurs sursacs \u00e9tanches et on endosse les capes de pluie par dessus [&hellip;]<\/p>\n","protected":false},"author":3,"featured_media":0,"parent":0,"menu_order":0,"comment_status":"open","ping_status":"open","template":"","meta":{"footnotes":""},"class_list":["post-578","page","type-page","status-publish","hentry"],"_links":{"self":[{"href":"https:\/\/www.flieg.fr\/index.php?rest_route=\/wp\/v2\/pages\/578","targetHints":{"allow":["GET"]}}],"collection":[{"href":"https:\/\/www.flieg.fr\/index.php?rest_route=\/wp\/v2\/pages"}],"about":[{"href":"https:\/\/www.flieg.fr\/index.php?rest_route=\/wp\/v2\/types\/page"}],"author":[{"embeddable":true,"href":"https:\/\/www.flieg.fr\/index.php?rest_route=\/wp\/v2\/users\/3"}],"replies":[{"embeddable":true,"href":"https:\/\/www.flieg.fr\/index.php?rest_route=%2Fwp%2Fv2%2Fcomments&post=578"}],"version-history":[{"count":9,"href":"https:\/\/www.flieg.fr\/index.php?rest_route=\/wp\/v2\/pages\/578\/revisions"}],"predecessor-version":[{"id":2413,"href":"https:\/\/www.flieg.fr\/index.php?rest_route=\/wp\/v2\/pages\/578\/revisions\/2413"}],"wp:attachment":[{"href":"https:\/\/www.flieg.fr\/index.php?rest_route=%2Fwp%2Fv2%2Fmedia&parent=578"}],"curies":[{"name":"wp","href":"https:\/\/api.w.org\/{rel}","templated":true}]}}