{"id":2,"date":"2012-02-27T20:23:40","date_gmt":"2012-02-27T19:23:40","guid":{"rendered":"http:\/\/flieg.fr\/wordpress\/?page_id=2"},"modified":"2025-09-15T18:04:21","modified_gmt":"2025-09-15T17:04:21","slug":"chez-michel-et-michelle-flieg","status":"publish","type":"page","link":"https:\/\/www.flieg.fr\/","title":{"rendered":"Chez Michel et Michelle Flieg"},"content":{"rendered":"\r\n\r\n\r\n\r\n\r\n<h1>Qui sommes-nous ?<\/h1>\r\n<p><a href=\"https:\/\/flieg.fr\/wordpress\/wp-content\/uploads\/2012\/02\/stmichel.gif\"><img loading=\"lazy\" decoding=\"async\" width=\"175\" height=\"185\" class=\"wp-image-5 alignleft\" title=\"stmichel\" src=\"https:\/\/flieg.fr\/wordpress\/wp-content\/uploads\/2012\/02\/stmichel.gif\" alt=\"Sit usui tempus alitis\" \/><\/a>Notre devise \u00ab\u00a0Sit usui tempus alitis\u00a0\u00bb signifie :<\/p>\r\n\r\n\r\n\r\n<p><em>Qu&rsquo;il soit donn\u00e9 \u00e0 celui qui a des ailes de bien utiliser son temps<\/em><br \/>Cette devise renvoie \u00e0<br \/>\u00b0 Saint-Michel notre archange protecteur ail\u00e9<br \/>\u00b0 \u00e0 notre patronyme qui, en langue germanique signifie : vole!<br \/>\u00b0 et \u00e0 notre engagement de vie<\/p>\r\n\r\n\r\n\r\n<div id=\"attachment_3488\" style=\"width: 635px\" class=\"wp-caption alignnone\"><a href=\"https:\/\/www.flieg.fr\/?page_id=3482\" target=\"_blank\" rel=\"noopener\" data-wp-editing=\"1\"><img loading=\"lazy\" decoding=\"async\" aria-describedby=\"caption-attachment-3488\" class=\"wp-image-3488 size-large\" src=\"https:\/\/www.flieg.fr\/wordpress\/wp-content\/uploads\/2025\/09\/P6101361_0-768x1024.jpg\" alt=\"\" width=\"625\" height=\"833\" srcset=\"https:\/\/www.flieg.fr\/wordpress\/wp-content\/uploads\/2025\/09\/P6101361_0-768x1024.jpg 768w, https:\/\/www.flieg.fr\/wordpress\/wp-content\/uploads\/2025\/09\/P6101361_0-225x300.jpg 225w, https:\/\/www.flieg.fr\/wordpress\/wp-content\/uploads\/2025\/09\/P6101361_0-1152x1536.jpg 1152w, https:\/\/www.flieg.fr\/wordpress\/wp-content\/uploads\/2025\/09\/P6101361_0-624x832.jpg 624w, https:\/\/www.flieg.fr\/wordpress\/wp-content\/uploads\/2025\/09\/P6101361_0.jpg 1536w\" sizes=\"auto, (max-width: 625px) 100vw, 625px\" \/><\/a><p id=\"caption-attachment-3488\" class=\"wp-caption-text\">OLYMPUS DIGITAL CAMERA<\/p><\/div>\r\n<p>&nbsp;<\/p>\r\n\r\n\r\n\r\n\r\n\r\n<p>&nbsp;<\/p>\r\n\r\n\r\n\r\n<p>&nbsp;<\/p>\r\n","protected":false},"excerpt":{"rendered":"<p>Qui sommes-nous ? Notre devise \u00ab\u00a0Sit usui tempus alitis\u00a0\u00bb signifie : Qu&rsquo;il soit donn\u00e9 \u00e0 celui qui a des ailes de bien utiliser son tempsCette devise renvoie \u00e0\u00b0 Saint-Michel notre archange protecteur ail\u00e9\u00b0 \u00e0 notre patronyme qui, en langue germanique signifie : vole!\u00b0 et \u00e0 notre engagement de vie &nbsp; &nbsp; &nbsp;<\/p>\n","protected":false},"author":3,"featured_media":0,"parent":0,"menu_order":0,"comment_status":"open","ping_status":"closed","template":"","meta":{"footnotes":""},"class_list":["post-2","page","type-page","status-publish","hentry"],"_links":{"self":[{"href":"https:\/\/www.flieg.fr\/index.php?rest_route=\/wp\/v2\/pages\/2","targetHints":{"allow":["GET"]}}],"collection":[{"href":"https:\/\/www.flieg.fr\/index.php?rest_route=\/wp\/v2\/pages"}],"about":[{"href":"https:\/\/www.flieg.fr\/index.php?rest_route=\/wp\/v2\/types\/page"}],"author":[{"embeddable":true,"href":"https:\/\/www.flieg.fr\/index.php?rest_route=\/wp\/v2\/users\/3"}],"replies":[{"embeddable":true,"href":"https:\/\/www.flieg.fr\/index.php?rest_route=%2Fwp%2Fv2%2Fcomments&post=2"}],"version-history":[{"count":44,"href":"https:\/\/www.flieg.fr\/index.php?rest_route=\/wp\/v2\/pages\/2\/revisions"}],"predecessor-version":[{"id":3478,"href":"https:\/\/www.flieg.fr\/index.php?rest_route=\/wp\/v2\/pages\/2\/revisions\/3478"}],"wp:attachment":[{"href":"https:\/\/www.flieg.fr\/index.php?rest_route=%2Fwp%2Fv2%2Fmedia&parent=2"}],"curies":[{"name":"wp","href":"https:\/\/api.w.org\/{rel}","templated":true}]}}