{"id":1726,"date":"2017-06-07T19:06:04","date_gmt":"2017-06-07T18:06:04","guid":{"rendered":"http:\/\/flieg.fr\/?page_id=1726"},"modified":"2023-03-21T09:57:13","modified_gmt":"2023-03-21T08:57:13","slug":"etape-10-chemin-de-saint-jacques-en-alsace-de-katzenthal-a-gueberschwihr-19-km","status":"publish","type":"page","link":"https:\/\/www.flieg.fr\/?page_id=1726","title":{"rendered":"Etape 10 : chemin de Saint-Jacques en Alsace : de Katzenthal \u00e0 Gueberschwihr : 19 km"},"content":{"rendered":"<p style=\"text-align: center;\">Apr\u00e8s un bon petit d\u00e9jeuner au bord de la piscine, nous voila repartis.<\/p>\n<p style=\"text-align: center;\"><a href=\"http:\/\/flieg.fr\/wordpress\/wp-content\/uploads\/2017\/06\/20170607_082211_008-e1496858806421.jpg\"><img loading=\"lazy\" decoding=\"async\" class=\"alignleft size-medium wp-image-1722\" src=\"http:\/\/flieg.fr\/wordpress\/wp-content\/uploads\/2017\/06\/20170607_082211_008-300x169.jpg\" alt=\"\" width=\"300\" height=\"169\"><\/a>Moins de 5 mn plus tard nous essuyons la premi\u00e8re averse, avant m\u00eame d&rsquo;arriver \u00e0 Niedermorschwihr.<\/p>\n<p style=\"text-align: center;\"><a href=\"http:\/\/flieg.fr\/wordpress\/wp-content\/uploads\/2017\/06\/20170607_105002-e1496859895826.jpg\"><img loading=\"lazy\" decoding=\"async\" class=\"alignleft size-medium wp-image-1733\" src=\"http:\/\/flieg.fr\/wordpress\/wp-content\/uploads\/2017\/06\/20170607_105002-300x169.jpg\" alt=\"\" width=\"300\" height=\"169\"><\/a>A Turckheim nous obtenons un coup de tampon par le cur\u00e9.<\/p>\n<p style=\"text-align: center;\">L&rsquo;h\u00f4tel aux deux cl\u00e9s est bien gard\u00e9 par un cl\u00e9-bar rondouillard ( il a droit \u00e0 tous les restes).<a href=\"http:\/\/flieg.fr\/wordpress\/wp-content\/uploads\/2017\/06\/20170607_105149-e1496859717632.jpg\"><img loading=\"lazy\" decoding=\"async\" class=\"alignleft size-medium wp-image-1731\" src=\"http:\/\/flieg.fr\/wordpress\/wp-content\/uploads\/2017\/06\/20170607_105149-e1496859717632-300x169.jpg\" alt=\"\" width=\"300\" height=\"169\" srcset=\"https:\/\/www.flieg.fr\/wordpress\/wp-content\/uploads\/2017\/06\/20170607_105149-e1496859717632-300x169.jpg 300w, https:\/\/www.flieg.fr\/wordpress\/wp-content\/uploads\/2017\/06\/20170607_105149-e1496859717632.jpg 600w\" sizes=\"auto, (max-width: 300px) 100vw, 300px\" \/><\/a><\/p>\n<p style=\"text-align: center;\">On joue les montagnes russes sous les giboul\u00e9es. Il y a peu de points de vue, on est souvent en pleine for\u00eat. C&rsquo;est tout juste si on apper\u00e7oit Ingersheim au passage.<a href=\"http:\/\/flieg.fr\/wordpress\/wp-content\/uploads\/2017\/06\/20170607_123308-e1496860273215.jpg\"><img loading=\"lazy\" decoding=\"async\" class=\"alignleft size-medium wp-image-1735\" src=\"http:\/\/flieg.fr\/wordpress\/wp-content\/uploads\/2017\/06\/20170607_123308-300x169.jpg\" alt=\"\" width=\"300\" height=\"169\"><\/a><\/p>\n<p style=\"text-align: center;\">On passe sous le ch\u00e2teau du Kageneck.<\/p>\n<p style=\"text-align: center;\"><a href=\"http:\/\/flieg.fr\/wordpress\/wp-content\/uploads\/2017\/06\/20170607_141559-e1496860396262.jpg\"><img loading=\"lazy\" decoding=\"async\" class=\"alignleft size-medium wp-image-1736\" src=\"http:\/\/flieg.fr\/wordpress\/wp-content\/uploads\/2017\/06\/20170607_141559-300x169.jpg\" alt=\"\" width=\"300\" height=\"169\"><\/a>Enfin on arrive au couvent Saint Marc a Gueberschwihr. Il est 16h30.<a href=\"http:\/\/flieg.fr\/wordpress\/wp-content\/uploads\/2017\/06\/20170607_164423-e1496860543294.jpg\"><img loading=\"lazy\" decoding=\"async\" class=\"alignleft size-medium wp-image-1737\" src=\"http:\/\/flieg.fr\/wordpress\/wp-content\/uploads\/2017\/06\/20170607_164423-e1496860522188-300x169.jpg\" alt=\"\" width=\"300\" height=\"169\"><\/a><\/p>\n","protected":false},"excerpt":{"rendered":"<p>Apr\u00e8s un bon petit d\u00e9jeuner au bord de la piscine, nous voila repartis. Moins de 5 mn plus tard nous essuyons la premi\u00e8re averse, avant m\u00eame d&rsquo;arriver \u00e0 Niedermorschwihr. A Turckheim nous obtenons un coup de tampon par le cur\u00e9. L&rsquo;h\u00f4tel aux deux cl\u00e9s est bien gard\u00e9 par un cl\u00e9-bar rondouillard ( il a droit [&hellip;]<\/p>\n","protected":false},"author":3,"featured_media":0,"parent":0,"menu_order":0,"comment_status":"closed","ping_status":"closed","template":"page-templates\/full-width.php","meta":{"footnotes":""},"class_list":["post-1726","page","type-page","status-publish","hentry"],"_links":{"self":[{"href":"https:\/\/www.flieg.fr\/index.php?rest_route=\/wp\/v2\/pages\/1726","targetHints":{"allow":["GET"]}}],"collection":[{"href":"https:\/\/www.flieg.fr\/index.php?rest_route=\/wp\/v2\/pages"}],"about":[{"href":"https:\/\/www.flieg.fr\/index.php?rest_route=\/wp\/v2\/types\/page"}],"author":[{"embeddable":true,"href":"https:\/\/www.flieg.fr\/index.php?rest_route=\/wp\/v2\/users\/3"}],"replies":[{"embeddable":true,"href":"https:\/\/www.flieg.fr\/index.php?rest_route=%2Fwp%2Fv2%2Fcomments&post=1726"}],"version-history":[{"count":6,"href":"https:\/\/www.flieg.fr\/index.php?rest_route=\/wp\/v2\/pages\/1726\/revisions"}],"predecessor-version":[{"id":2383,"href":"https:\/\/www.flieg.fr\/index.php?rest_route=\/wp\/v2\/pages\/1726\/revisions\/2383"}],"wp:attachment":[{"href":"https:\/\/www.flieg.fr\/index.php?rest_route=%2Fwp%2Fv2%2Fmedia&parent=1726"}],"curies":[{"name":"wp","href":"https:\/\/api.w.org\/{rel}","templated":true}]}}