{"id":1627,"date":"2017-06-02T18:12:44","date_gmt":"2017-06-02T17:12:44","guid":{"rendered":"http:\/\/flieg.fr\/?page_id=1627"},"modified":"2024-05-26T16:07:00","modified_gmt":"2024-05-26T15:07:00","slug":"etape-5-de-oberschaefolsheim-a-rosheim-235-km","status":"publish","type":"page","link":"https:\/\/www.flieg.fr\/?page_id=1627","title":{"rendered":"Etape 5 : chemin de Saint-Jacques en Alsace : de Oberschaeffolsheim \u00e0 Rosheim : 23,5 km"},"content":{"rendered":"<ul>\n<li><a href=\"https:\/\/flieg.fr\/wordpress\/wp-content\/uploads\/2017\/06\/20170602_082908-e1496430167857.jpg\"><img loading=\"lazy\" decoding=\"async\" class=\"alignleft size-medium wp-image-1638\" src=\"https:\/\/flieg.fr\/wordpress\/wp-content\/uploads\/2017\/06\/20170602_082908-e1496430150797-300x169.jpg\" alt=\"\" width=\"300\" height=\"169\" \/><\/a>Monsieur l&rsquo;adjoint nous explique que son grand-p\u00e8re, avec la m\u00eame surface agricole, n&rsquo;avait pas besoin de travailler. Il avait 10 ouvriers salari\u00e9s et il supervisait le tout, habill\u00e9 en costume cravate. Aujourd&rsquo;hui, il en est r\u00e9duit \u00e0 tout devoir faire lui-m\u00eame et il n&rsquo;a plus qu&rsquo;une seule salari\u00e9e: sa femme. C&rsquo;est le moyen de montrer qu&rsquo;il reste le chef&#8230;<\/li>\n<li>Nous prenons cong\u00e9 et partons vers Achenheim. En chemin nous d\u00e9couvrons la belle chapelle Saint Michel seul vestige d&rsquo;un village disparu.<a href=\"https:\/\/flieg.fr\/wordpress\/wp-content\/uploads\/2017\/06\/20170602_113653-e1496430490204.jpg\"><img loading=\"lazy\" decoding=\"async\" class=\"alignleft size-medium wp-image-1640\" src=\"https:\/\/flieg.fr\/wordpress\/wp-content\/uploads\/2017\/06\/20170602_113653-e1496430472784-300x169.jpg\" alt=\"\" width=\"300\" height=\"169\" \/><\/a><\/li>\n<li>Puis Ernolsheim sur Bruche et \u00e0 midi nous atteignons Ergersheim<\/li>\n<li>Le restaurant Au Canal offre une<br \/>\ncour ombrag\u00e9e avec de nombreuses tables pr\u00eates \u00e0 nous accueillir. Sauf qu&rsquo;on nous dit fraichement que c&rsquo;est complet.<\/li>\n<li>On retourne vite fait \u00e0 la derni\u00e8re boulangerie pour acheter ce qui reste: un pain et deux \u00e9clairs.<a href=\"https:\/\/flieg.fr\/wordpress\/wp-content\/uploads\/2017\/05\/20170602_124738-1-e1496430898746.jpg\"><img loading=\"lazy\" decoding=\"async\" class=\"alignleft size-medium wp-image-1623\" src=\"https:\/\/flieg.fr\/wordpress\/wp-content\/uploads\/2017\/05\/20170602_124738-1-e1496423286118-300x169.jpg\" alt=\"\" width=\"300\" height=\"169\" \/><\/a><\/li>\n<\/ul>\n<p>L&rsquo;orage menace. On trouve refuge dans la salle polyvalente d&rsquo;Ergersheim. Les \u00e9clairs sont aval\u00e9s au sec.<\/p>\n<p>Lentement, nous approchons d&rsquo;Avolsheim o\u00f9 se trouve un des plus anciens lieux de culte chr\u00e9tien d&rsquo;Alsace : le Dompeter ( la maison de Pierre).<img loading=\"lazy\" decoding=\"async\" class=\"alignleft size-medium wp-image-1643\" src=\"https:\/\/flieg.fr\/wordpress\/wp-content\/uploads\/2017\/06\/20170602_135318-e1496468708509-300x169.jpg\" alt=\"\" width=\"300\" height=\"169\" \/><\/p>\n<blockquote><p>Un tr\u00e8s beau sentier nous am\u00e8ne <a href=\"https:\/\/flieg.fr\/wordpress\/wp-content\/uploads\/2017\/06\/20170602_162530-e1496469458220.jpg\"><img loading=\"lazy\" decoding=\"async\" class=\"alignleft size-medium wp-image-1647\" src=\"https:\/\/flieg.fr\/wordpress\/wp-content\/uploads\/2017\/06\/20170602_162530-e1496469440264-300x169.jpg\" alt=\"\" width=\"300\" height=\"169\" \/><\/a>jusque\u00a0dans <a href=\"https:\/\/flieg.fr\/wordpress\/wp-content\/uploads\/2017\/06\/20170602_140749-e1496468925284.jpg\"><img loading=\"lazy\" decoding=\"async\" class=\"alignleft size-medium wp-image-1644\" src=\"https:\/\/flieg.fr\/wordpress\/wp-content\/uploads\/2017\/06\/20170602_140749-e1496468909844-300x169.jpg\" alt=\"\" width=\"300\" height=\"169\" \/><\/a>Molsheim.<\/p><\/blockquote>\n<p>&nbsp;<\/p>\n<p><a href=\"https:\/\/flieg.fr\/wordpress\/wp-content\/uploads\/2017\/06\/20170602_140440-e1496469030129.jpg\"><img loading=\"lazy\" decoding=\"async\" class=\"alignleft size-medium wp-image-1645\" src=\"https:\/\/flieg.fr\/wordpress\/wp-content\/uploads\/2017\/06\/20170602_140440-e1496469012754-300x169.jpg\" alt=\"\" width=\"300\" height=\"169\" \/><\/a>Nous traversons Molsheim, puis Dorlisheim et enfin nous entrons dans le vignoble.<a href=\"https:\/\/flieg.fr\/wordpress\/wp-content\/uploads\/2017\/06\/20170602_154347-e1496469361403.jpg\"><img loading=\"lazy\" decoding=\"async\" class=\"alignleft size-medium wp-image-1646\" src=\"https:\/\/flieg.fr\/wordpress\/wp-content\/uploads\/2017\/06\/20170602_154347-e1496469347285-300x169.jpg\" alt=\"\" width=\"300\" height=\"169\" \/><\/a> Une rude mont\u00e9e pour redescendre sur Rosheim sans encombre. L\u00e0 nous rejoignons notre petit Nid de cigogne pour la nuit.<\/p>\n","protected":false},"excerpt":{"rendered":"<p>Monsieur l&rsquo;adjoint nous explique que son grand-p\u00e8re, avec la m\u00eame surface agricole, n&rsquo;avait pas besoin de travailler. Il avait 10 ouvriers salari\u00e9s et il supervisait le tout, habill\u00e9 en costume cravate. Aujourd&rsquo;hui, il en est r\u00e9duit \u00e0 tout devoir faire lui-m\u00eame et il n&rsquo;a plus qu&rsquo;une seule salari\u00e9e: sa femme. C&rsquo;est le moyen de montrer [&hellip;]<\/p>\n","protected":false},"author":3,"featured_media":0,"parent":0,"menu_order":0,"comment_status":"closed","ping_status":"closed","template":"page-templates\/full-width.php","meta":{"footnotes":""},"class_list":["post-1627","page","type-page","status-publish","hentry"],"_links":{"self":[{"href":"https:\/\/www.flieg.fr\/index.php?rest_route=\/wp\/v2\/pages\/1627","targetHints":{"allow":["GET"]}}],"collection":[{"href":"https:\/\/www.flieg.fr\/index.php?rest_route=\/wp\/v2\/pages"}],"about":[{"href":"https:\/\/www.flieg.fr\/index.php?rest_route=\/wp\/v2\/types\/page"}],"author":[{"embeddable":true,"href":"https:\/\/www.flieg.fr\/index.php?rest_route=\/wp\/v2\/users\/3"}],"replies":[{"embeddable":true,"href":"https:\/\/www.flieg.fr\/index.php?rest_route=%2Fwp%2Fv2%2Fcomments&post=1627"}],"version-history":[{"count":12,"href":"https:\/\/www.flieg.fr\/index.php?rest_route=\/wp\/v2\/pages\/1627\/revisions"}],"predecessor-version":[{"id":2952,"href":"https:\/\/www.flieg.fr\/index.php?rest_route=\/wp\/v2\/pages\/1627\/revisions\/2952"}],"wp:attachment":[{"href":"https:\/\/www.flieg.fr\/index.php?rest_route=%2Fwp%2Fv2%2Fmedia&parent=1627"}],"curies":[{"name":"wp","href":"https:\/\/api.w.org\/{rel}","templated":true}]}}