{"id":1542,"date":"2017-05-27T17:13:17","date_gmt":"2017-05-27T16:13:17","guid":{"rendered":"http:\/\/flieg.fr\/?page_id=1542"},"modified":"2023-03-20T21:07:37","modified_gmt":"2023-03-20T20:07:37","slug":"le-chemin-de-saint-jacques-en-alsace-etape-1-wissembourg-soultz-sous-forets-15-km","status":"publish","type":"page","link":"https:\/\/www.flieg.fr\/?page_id=1542","title":{"rendered":"Etape 0 : chemin de Saint-Jacques en Alsace : Wissembourg"},"content":{"rendered":"<p>Dimanche 28 Mai 2017<br \/>\n<a href=\"http:\/\/flieg.fr\/wordpress\/wp-content\/uploads\/2017\/05\/20170528_182644-e1496079697361.jpg\"><img loading=\"lazy\" decoding=\"async\" class=\"alignleft size-medium wp-image-1547\" src=\"http:\/\/flieg.fr\/wordpress\/wp-content\/uploads\/2017\/05\/20170528_182644-300x169.jpg\" alt=\"\" width=\"300\" height=\"169\"><\/a>Nous avons pris le train \u00e0 Strasbourg. Le voyage vers Wissembourg fut tr\u00e8s agr\u00e9able \u00e0 bord d&rsquo;un TER tr\u00e8s bien climatis\u00e9.<\/p>\n<p>Nous nous inqui\u00e9tons un peu en voyant que les pr\u00e9s et les champs pr\u00e9dominent. Peu de for\u00eats, peu d&rsquo;arbres et donc&#8230;peu d&rsquo;ombre.<\/p>\n<p>Demain, avec le soleil et la chaleur annonc\u00e9s, ce ne sera pas facile.<\/p>\n<p>Finalement, nous voila arriv\u00e9s \u00e0 Wissembourg.<\/p>\n<p><span style=\"line-height: 1.71429; font-size: 1rem;\"><img loading=\"lazy\" decoding=\"async\" class=\"alignleft size-medium wp-image-1549\" src=\"http:\/\/flieg.fr\/wordpress\/wp-content\/uploads\/2017\/05\/20170528_194444-e1496070707244-300x169.jpg\" alt=\"\" width=\"300\" height=\"169\">Et un quart d&rsquo;heure plus tard, nous sommes devant notre h\u00f4tel Au faucon&#8230;porte close!<\/span><\/p>\n<p>Grand moment de solitude. Une chambre pr\u00e9pay\u00e9e belle comme une carte postale, mais inaccessible.<\/p>\n<p><a href=\"http:\/\/flieg.fr\/wordpress\/wp-content\/uploads\/2017\/05\/20170529_081051-e1496079838484.jpg\"><img loading=\"lazy\" decoding=\"async\" class=\"alignleft size-medium wp-image-1551\" src=\"http:\/\/flieg.fr\/wordpress\/wp-content\/uploads\/2017\/05\/20170529_081051-300x169.jpg\" alt=\"\" width=\"300\" height=\"169\"><\/a><\/p>\n<ol>\n<li>On appelle booking et finalement au bout d&rsquo; un quart d&rsquo;heure, on nous rappelle pour nous donner le code d entr\u00e9e et nous sommes dans les lieux. Super, mais pas de wifi&#8230;<\/li>\n<\/ol>\n<p><!--more--><\/p>\n<p>&nbsp;<\/p>\n","protected":false},"excerpt":{"rendered":"<p>Dimanche 28 Mai 2017 Nous avons pris le train \u00e0 Strasbourg. Le voyage vers Wissembourg fut tr\u00e8s agr\u00e9able \u00e0 bord d&rsquo;un TER tr\u00e8s bien climatis\u00e9. Nous nous inqui\u00e9tons un peu en voyant que les pr\u00e9s et les champs pr\u00e9dominent. Peu de for\u00eats, peu d&rsquo;arbres et donc&#8230;peu d&rsquo;ombre. Demain, avec le soleil et la chaleur annonc\u00e9s, [&hellip;]<\/p>\n","protected":false},"author":3,"featured_media":0,"parent":0,"menu_order":0,"comment_status":"closed","ping_status":"closed","template":"","meta":{"footnotes":""},"class_list":["post-1542","page","type-page","status-publish","hentry"],"_links":{"self":[{"href":"https:\/\/www.flieg.fr\/index.php?rest_route=\/wp\/v2\/pages\/1542","targetHints":{"allow":["GET"]}}],"collection":[{"href":"https:\/\/www.flieg.fr\/index.php?rest_route=\/wp\/v2\/pages"}],"about":[{"href":"https:\/\/www.flieg.fr\/index.php?rest_route=\/wp\/v2\/types\/page"}],"author":[{"embeddable":true,"href":"https:\/\/www.flieg.fr\/index.php?rest_route=\/wp\/v2\/users\/3"}],"replies":[{"embeddable":true,"href":"https:\/\/www.flieg.fr\/index.php?rest_route=%2Fwp%2Fv2%2Fcomments&post=1542"}],"version-history":[{"count":9,"href":"https:\/\/www.flieg.fr\/index.php?rest_route=\/wp\/v2\/pages\/1542\/revisions"}],"predecessor-version":[{"id":2381,"href":"https:\/\/www.flieg.fr\/index.php?rest_route=\/wp\/v2\/pages\/1542\/revisions\/2381"}],"wp:attachment":[{"href":"https:\/\/www.flieg.fr\/index.php?rest_route=%2Fwp%2Fv2%2Fmedia&parent=1542"}],"curies":[{"name":"wp","href":"https:\/\/api.w.org\/{rel}","templated":true}]}}